{"id":29589,"date":"2025-12-04T15:07:33","date_gmt":"2025-12-04T15:07:33","guid":{"rendered":"https:\/\/heritagecurio.com\/?page_id=29589"},"modified":"2025-12-04T15:19:30","modified_gmt":"2025-12-04T15:19:30","slug":"refund-policy","status":"publish","type":"page","link":"https:\/\/heritagecurio.com\/de\/refund-policy\/","title":{"rendered":"R\u00fcckerstattungsrichtlinie"},"content":{"rendered":"<div data-elementor-type=\"wp-page\" data-elementor-id=\"29589\" class=\"elementor elementor-29589\" data-elementor-post-type=\"page\">\n\t\t\t\t<div class=\"wd-negative-gap elementor-element elementor-element-6e8d44cd e-flex e-con-boxed e-con e-parent\" data-id=\"6e8d44cd\" data-element_type=\"container\" data-e-type=\"container\">\n\t\t\t\t\t<div class=\"e-con-inner\">\n\t\t\t\t<div class=\"elementor-element elementor-element-30ef8f11 color-scheme-inherit text-left elementor-widget elementor-widget-text-editor\" data-id=\"30ef8f11\" data-element_type=\"widget\" data-e-type=\"widget\" data-widget_type=\"text-editor.default\">\n\t\t\t\t<div class=\"elementor-widget-container\">\n\t\t\t\t\t\t\t\t\t\n<p><font _mstmutation=\"1\"><\/font><\/p>\n\t\t\t\t\t\t\t\t<\/div>\n\t\t\t\t<\/div>\n\t\t\t\t\t<\/div>\n\t\t\t\t<\/div>\n\t\t<div class=\"wd-negative-gap elementor-element elementor-element-0151fc2 e-flex e-con-boxed e-con e-parent\" data-id=\"0151fc2\" data-element_type=\"container\" data-e-type=\"container\">\n\t\t\t\t\t<div class=\"e-con-inner\">\n\t\t\t\t<div class=\"elementor-element elementor-element-6998cae elementor-widget elementor-widget-wd_text_block\" data-id=\"6998cae\" data-element_type=\"widget\" data-e-type=\"widget\" data-widget_type=\"wd_text_block.default\">\n\t\t\t\t<div class=\"elementor-widget-container\">\n\t\t\t\t\t\t\t<div class=\"wd-text-block reset-last-child text-left\">\n\t\t\t\n\t\t\t<p>R\u00fccksendungen<br \/><br \/>Unsere Richtlinie gilt f\u00fcr 30 Tage. Wenn seit Ihrem Kauf mehr als 30 Tage vergangen sind, k\u00f6nnen wir Ihnen leider keine R\u00fcckerstattung oder Umtausch anbieten.<br \/>\u00a0<br \/>Um f\u00fcr eine R\u00fccksendung in Frage zu kommen, muss Ihr Artikel unbenutzt und in dem Zustand sein, in dem Sie ihn erhalten haben. Er muss sich au\u00dferdem in der Originalverpackung befinden.<br \/>\u00a0<br \/>Einige Arten von Waren sind von der R\u00fcckgabe ausgeschlossen. Verderbliche Waren wie Lebensmittel, Blumen, Zeitungen oder Zeitschriften k\u00f6nnen nicht zur\u00fcckgegeben werden. Wir akzeptieren auch keine Produkte, die Intim- oder Hygieneartikel, Gefahrstoffe oder brennbare Fl\u00fcssigkeiten oder Gase sind.<br \/>\u00a0<br \/>Weitere nicht r\u00fcckgabeberechtigte Artikel:<br \/>Geschenkkarten<br \/>Herunterladbare Softwareprodukte<br \/>Einige Gesundheits- und K\u00f6rperpflegeartikel<br \/>\u00a0<br \/>Um Ihre R\u00fccksendung abzuschlie\u00dfen, ben\u00f6tigen wir eine Quittung oder einen Kaufbeleg.<br \/>\u00a0<br \/>Bitte senden Sie Ihren Kauf nicht an den Hersteller zur\u00fcck.<br \/>\u00a0<br \/>Es gibt bestimmte Situationen, in denen nur teilweise R\u00fcckerstattungen gew\u00e4hrt werden (falls zutreffend).<br \/>Buch mit deutlichen Gebrauchsspuren<br \/>CD, DVD, VHS-Kassette, Software, Videospiel, Kassette oder Schallplatte, die ge\u00f6ffnet wurde<br \/>Artikel, die sich nicht im Originalzustand befinden, besch\u00e4digt sind oder Teile fehlen, ohne dass dies auf unser Verschulden zur\u00fcckzuf\u00fchren ist.<br \/>Alle Artikel, die mehr als 30 Tage nach der Lieferung zur\u00fcckgesandt werden<br \/>\u00a0<br \/>R\u00fcckerstattungen (falls zutreffend)<br \/>Sobald Ihre R\u00fccksendung eingegangen und gepr\u00fcft wurde, senden wir Ihnen eine E-Mail, um Sie dar\u00fcber zu informieren, dass wir Ihren zur\u00fcckgesendeten Artikel erhalten haben. Wir werden Sie auch \u00fcber die Genehmigung oder Ablehnung Ihrer R\u00fcckerstattung informieren.<br \/>Wenn Ihr Antrag genehmigt wird, wird Ihre R\u00fcckerstattung bearbeitet und innerhalb einer bestimmten Anzahl von Tagen automatisch auf Ihre Kreditkarte oder die urspr\u00fcngliche Zahlungsmethode gutgeschrieben.<br \/>\u00a0<br \/>Versp\u00e4tete oder fehlende R\u00fcckerstattungen (falls zutreffend)<br \/>Wenn Sie noch keine R\u00fcckerstattung erhalten haben, \u00fcberpr\u00fcfen Sie zun\u00e4chst erneut Ihr Bankkonto.<br \/>Wenden Sie sich dann an Ihr Kreditkartenunternehmen. Es kann einige Zeit dauern, bis Ihre R\u00fcckerstattung offiziell verbucht wird.<br \/>Wenden Sie sich anschlie\u00dfend an Ihre Bank. Oftmals dauert es einige Zeit, bis eine R\u00fcckerstattung verbucht wird.<br \/>Wenn Sie all dies getan haben und Ihre R\u00fcckerstattung immer noch nicht erhalten haben, kontaktieren Sie uns bitte unter {E-Mail}.<br \/>\u00a0<br \/>Sonderangebote (falls zutreffend)<br \/>Nur Artikel zum regul\u00e4ren Preis k\u00f6nnen erstattet werden, Artikel im Sonderangebot k\u00f6nnen leider nicht erstattet werden.<br \/>\u00a0<br \/>Umtausch (falls zutreffend)<br \/>Wir ersetzen Artikel nur, wenn sie defekt oder besch\u00e4digt sind. Wenn Sie einen Artikel gegen denselben Artikel umtauschen m\u00f6chten, senden Sie uns eine E-Mail an {E-Mail} und senden Sie Ihren Artikel an: {Adresse}.<br \/>\u00a0<br \/>Geschenke<br \/>Wenn der Artikel beim Kauf als Geschenk gekennzeichnet und direkt an Sie versandt wurde, erhalten Sie eine Gutschrift in H\u00f6he des Wertes Ihrer R\u00fccksendung. Sobald die R\u00fccksendung eingegangen ist, wird Ihnen ein Geschenkgutschein per Post zugestellt.<br \/>\u00a0<br \/>Wenn der Artikel beim Kauf nicht als Geschenk gekennzeichnet war oder der Schenkende die Bestellung an sich selbst liefern lie\u00df, um sie Ihnen sp\u00e4ter zu \u00fcberreichen, senden wir die R\u00fcckerstattung an den Schenkenden, der dann von Ihrer R\u00fccksendung erf\u00e4hrt.<br \/>\u00a0<br \/>Versand<br \/>Um Ihr Produkt zur\u00fcckzusenden, senden Sie es bitte an folgende Adresse: {Adresse}<br \/>\u00a0<br \/>Sie sind f\u00fcr die Zahlung der Versandkosten f\u00fcr die R\u00fccksendung Ihres Artikels verantwortlich. Versandkosten sind nicht erstattungsf\u00e4hig. Wenn Sie eine R\u00fcckerstattung erhalten, werden die Kosten f\u00fcr die R\u00fccksendung von Ihrer R\u00fcckerstattung abgezogen.<br \/>\u00a0<br \/>Je nachdem, wo Sie wohnen, kann die Lieferzeit f\u00fcr Ihr umgetauschtes Produkt variieren.<br \/>\u00a0<br \/>Wenn Sie einen Artikel \u00fcber $75 versenden, sollten Sie einen verfolgbaren Versandservice in Betracht ziehen oder eine Versandversicherung abschlie\u00dfen. Wir k\u00f6nnen nicht garantieren, dass wir Ihren zur\u00fcckgesendeten Artikel erhalten.<\/p>\n\t\t\t\t\t<\/div>\n\t\t\t\t\t\t<\/div>\n\t\t\t\t<\/div>\n\t\t\t\t\t<\/div>\n\t\t\t\t<\/div>\n\t\t\t\t<\/div>","protected":false},"excerpt":{"rendered":"<p>Returns Our policy lasts 30 days. If 30 days have gone by since your purchase, unfortunately we can\u2019t offer you<\/p>","protected":false},"author":1,"featured_media":0,"parent":0,"menu_order":0,"comment_status":"closed","ping_status":"closed","template":"","meta":{"footnotes":""},"class_list":["post-29589","page","type-page","status-publish","hentry"],"_links":{"self":[{"href":"https:\/\/heritagecurio.com\/de\/wp-json\/wp\/v2\/pages\/29589","targetHints":{"allow":["GET"]}}],"collection":[{"href":"https:\/\/heritagecurio.com\/de\/wp-json\/wp\/v2\/pages"}],"about":[{"href":"https:\/\/heritagecurio.com\/de\/wp-json\/wp\/v2\/types\/page"}],"author":[{"embeddable":true,"href":"https:\/\/heritagecurio.com\/de\/wp-json\/wp\/v2\/users\/1"}],"replies":[{"embeddable":true,"href":"https:\/\/heritagecurio.com\/de\/wp-json\/wp\/v2\/comments?post=29589"}],"version-history":[{"count":5,"href":"https:\/\/heritagecurio.com\/de\/wp-json\/wp\/v2\/pages\/29589\/revisions"}],"predecessor-version":[{"id":29606,"href":"https:\/\/heritagecurio.com\/de\/wp-json\/wp\/v2\/pages\/29589\/revisions\/29606"}],"wp:attachment":[{"href":"https:\/\/heritagecurio.com\/de\/wp-json\/wp\/v2\/media?parent=29589"}],"curies":[{"name":"wp","href":"https:\/\/api.w.org\/{rel}","templated":true}]}}