{"id":29591,"date":"2025-12-04T15:07:56","date_gmt":"2025-12-04T15:07:56","guid":{"rendered":"https:\/\/heritagecurio.com\/?page_id=29591"},"modified":"2025-12-04T15:20:28","modified_gmt":"2025-12-04T15:20:28","slug":"privacy-policy","status":"publish","type":"page","link":"https:\/\/heritagecurio.com\/de\/privacy-policy\/","title":{"rendered":"Datenschutzerkl\u00e4rung"},"content":{"rendered":"<div data-elementor-type=\"wp-page\" data-elementor-id=\"29591\" class=\"elementor elementor-29591\" data-elementor-post-type=\"page\">\n\t\t\t\t<div class=\"wd-negative-gap elementor-element elementor-element-6f00823 e-flex e-con-boxed e-con e-parent\" data-id=\"6f00823\" data-element_type=\"container\" data-e-type=\"container\">\n\t\t\t\t\t<div class=\"e-con-inner\">\n\t\t\t\t<div class=\"elementor-element elementor-element-5b34926 elementor-widget elementor-widget-wd_text_block\" data-id=\"5b34926\" data-element_type=\"widget\" data-e-type=\"widget\" data-widget_type=\"wd_text_block.default\">\n\t\t\t\t<div class=\"elementor-widget-container\">\n\t\t\t\t\t\t\t<div class=\"wd-text-block reset-last-child text-left\">\n\t\t\t\n\t\t\t<p>Diese Datenschutzerkl\u00e4rung beschreibt, wie Ihre personenbezogenen Daten erfasst, verwendet und weitergegeben werden, wenn Sie {Domain} (die \u201cWebsite\u201d) besuchen oder dort einen Kauf t\u00e4tigen.<br \/><br \/>VON UNS ERFASSTE PERSONENBEZOGENE DATEN<br \/><br \/>Wenn Sie die Website besuchen, erfassen wir automatisch bestimmte Informationen \u00fcber Ihr Ger\u00e4t, darunter Informationen \u00fcber Ihren Webbrowser, Ihre IP-Adresse, Ihre Zeitzone und einige der auf Ihrem Ger\u00e4t installierten Cookies. Dar\u00fcber hinaus erfassen wir w\u00e4hrend Ihres Besuchs auf der Website Informationen \u00fcber die einzelnen Webseiten oder Produkte, die Sie sich ansehen, \u00fcber die Websites oder Suchbegriffe, \u00fcber die Sie auf die Website gelangt sind, sowie Informationen dar\u00fcber, wie Sie mit der Website interagieren. Diese automatisch erfassten Informationen bezeichnen wir als \u201cGer\u00e4teinformationen\u201d.<br \/><br \/>Wir erfassen Ger\u00e4teinformationen mithilfe der folgenden Technologien:<br \/>- \u201cCookies\u201d sind Datendateien, die auf Ihrem Ger\u00e4t oder Computer gespeichert werden und oft eine anonyme eindeutige Kennung enthalten. Weitere Informationen zu Cookies und deren Deaktivierung finden Sie unter http:\/\/www.allaboutcookies.org.<br \/>- \u201cLogdateien\u201d verfolgen die auf der Website stattfindenden Aktionen und sammeln Daten wie Ihre IP-Adresse, Ihren Browsertyp, Ihren Internetdienstanbieter, die verweisenden\/ausgehenden Seiten sowie Datums- und Zeitstempel.<br \/>- \u201cWeb Beacons\u201d, \u201cTags\u201d und \u201cPixel\u201d sind elektronische Dateien, die dazu dienen, Informationen dar\u00fcber aufzuzeichnen, wie Sie die Website nutzen.<br \/>- `BESCHREIBUNGEN ANDERER VERWENDETER TRACKING-TECHNOLOGIEN EINF\u00dcGEN`<br \/><br \/>Wenn Sie \u00fcber die Website einen Kauf t\u00e4tigen oder versuchen, einen Kauf zu t\u00e4tigen, erfassen wir au\u00dferdem bestimmte Informationen von Ihnen, darunter Ihren Namen, Ihre Rechnungsadresse, Ihre Lieferadresse, Ihre Zahlungsinformationen (einschlie\u00dflich Kreditkartennummern `ANDERE AKZEPTIERTE ZAHLUNGSMETHODEN EINF\u00dcGEN`), Ihre E-Mail-Adresse und Ihre Telefonnummer. Wir bezeichnen diese Informationen als \u201cBestellinformationen\u201d.<br \/><br \/>[[F\u00dcGEN SIE ALLE WEITEREN VON IHNEN ERFASSTEN INFORMATIONEN EIN: OFFLINE-DATEN, GEKAUFTE MARKETINGDATEN\/LISTEN]]<br \/><br \/>Wenn wir in dieser Datenschutzerkl\u00e4rung von \u201cpersonenbezogenen Daten\u201d sprechen, meinen wir damit sowohl Ger\u00e4teinformationen als auch Bestellinformationen.<br \/>WIE VERWENDEN WIR IHRE PERSONENBEZOGENEN DATEN?<br \/><br \/>Wir verwenden die von uns erfassten Bestellinformationen im Allgemeinen zur Erf\u00fcllung aller \u00fcber die Website aufgegebenen Bestellungen (einschlie\u00dflich der Verarbeitung Ihrer Zahlungsinformationen, der Organisation des Versands und der Bereitstellung von Rechnungen und\/oder Bestellbest\u00e4tigungen). Dar\u00fcber hinaus verwenden wir diese Bestellinformationen f\u00fcr folgende Zwecke:<br \/>- Mit Ihnen kommunizieren;<br \/>- Unsere Bestellungen auf potenzielle Risiken oder Betrugsf\u00e4lle zu \u00fcberpr\u00fcfen; und<br \/>- Ihnen entsprechend den Pr\u00e4ferenzen, die Sie uns mitgeteilt haben, Informationen oder Werbung zu unseren Produkten oder Dienstleistungen zukommen zu lassen.<br \/>- `ANDERE VERWENDUNGEN VON BESTELLINFORMATIONEN EINF\u00dcGEN`<br \/><br \/>Wir verwenden die von uns erfassten Ger\u00e4teinformationen, um potenzielle Risiken und Betrugsversuche zu erkennen (insbesondere Ihre IP-Adresse) und ganz allgemein, um unsere Website zu verbessern und zu optimieren (z. B. durch die Erstellung von Analysen dar\u00fcber, wie unsere Kunden die Website nutzen und mit ihr interagieren, und um den Erfolg unserer Marketing- und Werbekampagnen zu bewerten).<br \/><br \/>[[ANDERE VERWENDUNGEN VON GER\u00c4TEINFORMATIONEN EINF\u00dcGEN, EINSCHLIESSLICH: WERBUNG\/RETARGETING]]<br \/><br \/>WEITERGABE IHRER PERSONENBEZOGENEN DATEN<br \/><br \/>Wir geben Ihre personenbezogenen Daten an Dritte weiter, damit diese uns bei der oben beschriebenen Verwendung Ihrer personenbezogenen Daten unterst\u00fctzen k\u00f6nnen. Wir verwenden au\u00dferdem Google Analytics, um besser zu verstehen, wie unsere Kunden die Website nutzen. Weitere Informationen dar\u00fcber, wie Google Ihre personenbezogenen Daten verwendet, finden Sie hier: https:\/\/www.google.com\/intl\/en\/policies\/privacy\/. Sie k\u00f6nnen Google Analytics auch hier deaktivieren: https:\/\/tools.google.com\/dlpage\/gaoptout.<br \/><br \/>Schlie\u00dflich k\u00f6nnen wir Ihre personenbezogenen Daten auch weitergeben, um geltende Gesetze und Vorschriften einzuhalten, auf eine Vorladung, einen Durchsuchungsbefehl oder andere rechtm\u00e4\u00dfige Anfragen nach Informationen zu reagieren oder um unsere Rechte auf andere Weise zu sch\u00fctzen.<br \/><br \/>VERHALTENSORIENTIERTE WERBUNG<br \/><br \/>Wie oben beschrieben, verwenden wir Ihre personenbezogenen Daten, um Ihnen gezielte Werbung oder Marketingmitteilungen zukommen zu lassen, von denen wir glauben, dass sie f\u00fcr Sie von Interesse sein k\u00f6nnten. Weitere Informationen dar\u00fcber, wie gezielte Werbung funktioniert, finden Sie auf der Informationsseite der Network Advertising Initiative (\u201cNAI\u201d) unter http:\/\/www.networkadvertising.org\/understanding-online-advertising\/how-does-it-work.<br \/>Sie k\u00f6nnen sich \u00fcber die folgenden Links von gezielter Werbung abmelden:<br \/>- Facebook: https:\/\/www.facebook.com\/settings\/?tab=ads<br \/>- Google: https:\/\/www.google.com\/settings\/ads\/anonymous<br \/>- Bing: https:\/\/advertise.bingads.microsoft.com\/en-us\/resources\/policies\/personalized-ads<br \/>- `OPT-OUT-LINKS VON ALLEN VERWENDETEN DIENSTEN EINF\u00dcGEN`<br \/><br \/>Dar\u00fcber hinaus k\u00f6nnen Sie einige dieser Dienste deaktivieren, indem Sie das Opt-out-Portal der Digital Advertising Alliance unter http:\/\/optout.aboutads.info\/ besuchen.<br \/><br \/>NICHT VERFOLGEN<br \/><br \/>Bitte beachten Sie, dass wir die Datenerfassungs- und -nutzungspraktiken unserer Website nicht \u00e4ndern, wenn wir ein \u201eDo Not Track\u201d-Signal von Ihrem Browser erhalten.<br \/><br \/>IHRE RECHTE<br \/><br \/>Wenn Sie in Europa ans\u00e4ssig sind, haben Sie das Recht, auf die von uns \u00fcber Sie gespeicherten personenbezogenen Daten zuzugreifen und zu verlangen, dass Ihre personenbezogenen Daten korrigiert, aktualisiert oder gel\u00f6scht werden. Wenn Sie dieses Recht aus\u00fcben m\u00f6chten, kontaktieren Sie uns bitte \u00fcber die unten angegebenen Kontaktdaten.<br \/><br \/>Wenn Sie in Europa ans\u00e4ssig sind, weisen wir Sie darauf hin, dass wir Ihre Daten verarbeiten, um Vertr\u00e4ge zu erf\u00fcllen, die wir m\u00f6glicherweise mit Ihnen geschlossen haben (z. B. wenn Sie \u00fcber die Website eine Bestellung aufgeben), oder um unsere oben aufgef\u00fchrten berechtigten Gesch\u00e4ftsinteressen zu verfolgen. Bitte beachten Sie au\u00dferdem, dass Ihre Daten au\u00dferhalb Europas, einschlie\u00dflich nach Kanada und in die Vereinigten Staaten, \u00fcbertragen werden.<br \/><br \/>DATENSPEICHERUNG<br \/><br \/>Wenn Sie \u00fcber die Website eine Bestellung aufgeben, speichern wir Ihre Bestelldaten f\u00fcr unsere Unterlagen, sofern und solange Sie uns nicht auffordern, diese Daten zu l\u00f6schen.<br \/><br \/>\u00c4NDERUNGEN<br \/><br \/>Wir k\u00f6nnen diese Datenschutzerkl\u00e4rung von Zeit zu Zeit aktualisieren, um beispielsweise \u00c4nderungen unserer Praktiken oder andere betriebliche, rechtliche oder regulatorische Gr\u00fcnde zu ber\u00fccksichtigen.<br \/><br \/>{AlterStart}<br \/>MINDERJ\u00c4HRIGE<br \/><br \/>Die Website ist nicht f\u00fcr Personen unter {Alter} Jahren bestimmt. .<br \/>{Altersende}<br \/>KONTAKTIEREN SIE UNS<br \/><br \/>F\u00fcr weitere Informationen zu unseren Datenschutzpraktiken, bei Fragen oder wenn Sie eine Beschwerde einreichen m\u00f6chten, kontaktieren Sie uns bitte per E-Mail unter {E-Mail} oder per Post unter Verwendung der unten angegebenen Kontaktdaten:<br \/>{SiteName}<br \/>[Betreff: Datenschutzbeauftragter]<br \/>{Adresse}<\/p>\n\t\t\t\t\t<\/div>\n\t\t\t\t\t\t<\/div>\n\t\t\t\t<\/div>\n\t\t\t\t\t<\/div>\n\t\t\t\t<\/div>\n\t\t\t\t<\/div>","protected":false},"excerpt":{"rendered":"<p>This Privacy Policy describes how your personal information is collected, used, and shared when you visit or make a purchase<\/p>","protected":false},"author":1,"featured_media":0,"parent":0,"menu_order":0,"comment_status":"closed","ping_status":"closed","template":"","meta":{"footnotes":""},"class_list":["post-29591","page","type-page","status-publish","hentry"],"_links":{"self":[{"href":"https:\/\/heritagecurio.com\/de\/wp-json\/wp\/v2\/pages\/29591","targetHints":{"allow":["GET"]}}],"collection":[{"href":"https:\/\/heritagecurio.com\/de\/wp-json\/wp\/v2\/pages"}],"about":[{"href":"https:\/\/heritagecurio.com\/de\/wp-json\/wp\/v2\/types\/page"}],"author":[{"embeddable":true,"href":"https:\/\/heritagecurio.com\/de\/wp-json\/wp\/v2\/users\/1"}],"replies":[{"embeddable":true,"href":"https:\/\/heritagecurio.com\/de\/wp-json\/wp\/v2\/comments?post=29591"}],"version-history":[{"count":5,"href":"https:\/\/heritagecurio.com\/de\/wp-json\/wp\/v2\/pages\/29591\/revisions"}],"predecessor-version":[{"id":29609,"href":"https:\/\/heritagecurio.com\/de\/wp-json\/wp\/v2\/pages\/29591\/revisions\/29609"}],"wp:attachment":[{"href":"https:\/\/heritagecurio.com\/de\/wp-json\/wp\/v2\/media?parent=29591"}],"curies":[{"name":"wp","href":"https:\/\/api.w.org\/{rel}","templated":true}]}}