{"id":29591,"date":"2025-12-04T15:07:56","date_gmt":"2025-12-04T15:07:56","guid":{"rendered":"https:\/\/heritagecurio.com\/?page_id=29591"},"modified":"2025-12-04T15:20:28","modified_gmt":"2025-12-04T15:20:28","slug":"privacy-policy","status":"publish","type":"page","link":"https:\/\/heritagecurio.com\/es\/privacy-policy\/","title":{"rendered":"Pol\u00edtica de privacidad"},"content":{"rendered":"<div data-elementor-type=\"wp-page\" data-elementor-id=\"29591\" class=\"elementor elementor-29591\" data-elementor-post-type=\"page\">\n\t\t\t\t<div class=\"wd-negative-gap elementor-element elementor-element-6f00823 e-flex e-con-boxed e-con e-parent\" data-id=\"6f00823\" data-element_type=\"container\" data-e-type=\"container\">\n\t\t\t\t\t<div class=\"e-con-inner\">\n\t\t\t\t<div class=\"elementor-element elementor-element-5b34926 elementor-widget elementor-widget-wd_text_block\" data-id=\"5b34926\" data-element_type=\"widget\" data-e-type=\"widget\" data-widget_type=\"wd_text_block.default\">\n\t\t\t\t<div class=\"elementor-widget-container\">\n\t\t\t\t\t\t\t<div class=\"wd-text-block reset-last-child text-left\">\n\t\t\t\n\t\t\t<p>Esta Pol\u00edtica de privacidad describe c\u00f3mo se recopila, utiliza y comparte su informaci\u00f3n personal cuando visita o realiza una compra en {Dominio} (el \u201cSitio\u201d).<br \/><br \/>INFORMACI\u00d3N PERSONAL QUE RECOPILAMOS<br \/><br \/>Cuando visita el Sitio, recopilamos autom\u00e1ticamente cierta informaci\u00f3n sobre su dispositivo, incluida informaci\u00f3n sobre su navegador web, direcci\u00f3n IP, zona horaria y algunas de las cookies que est\u00e1n instaladas en su dispositivo. Adem\u00e1s, mientras navega por el Sitio, recopilamos informaci\u00f3n sobre las p\u00e1ginas web o los productos individuales que ve, qu\u00e9 sitios web o t\u00e9rminos de b\u00fasqueda le remitieron al Sitio, e informaci\u00f3n sobre c\u00f3mo interact\u00faa con el Sitio. Nos referimos a esta informaci\u00f3n recopilada autom\u00e1ticamente como \u201cInformaci\u00f3n del dispositivo\u201d.<br \/><br \/>Recopilamos informaci\u00f3n del dispositivo utilizando las siguientes tecnolog\u00edas:<br \/>- Las \u201ccookies\u201d son archivos de datos que se almacenan en su dispositivo o computadora y que suelen incluir un identificador \u00fanico an\u00f3nimo. Para obtener m\u00e1s informaci\u00f3n sobre las cookies y c\u00f3mo desactivarlas, visite http:\/\/www.allaboutcookies.org.<br \/>- Los \u201carchivos de registro\u201d rastrean las acciones que se producen en el Sitio y recopilan datos como su direcci\u00f3n IP, tipo de navegador, proveedor de servicios de Internet, p\u00e1ginas de referencia\/salida y marcas de fecha\/hora.<br \/>- Las \u201cbalizas web\u201d, las \u201cetiquetas\u201d y los \u201cp\u00edxeles\u201d son archivos electr\u00f3nicos que se utilizan para registrar informaci\u00f3n sobre c\u00f3mo navega por el Sitio.<br \/>- `INSERTAR DESCRIPCIONES DE OTROS TIPOS DE TECNOLOG\u00cdAS DE SEGUIMIENTO UTILIZADAS`<br \/><br \/>Adem\u00e1s, cuando usted realiza una compra o intenta realizar una compra a trav\u00e9s del Sitio, recopilamos cierta informaci\u00f3n sobre usted, incluyendo su nombre, direcci\u00f3n de facturaci\u00f3n, direcci\u00f3n de env\u00edo, informaci\u00f3n de pago (incluyendo n\u00fameros de tarjetas de cr\u00e9dito `INSERTAR CUALQUIER OTRO TIPO DE PAGO ACEPTADO`), direcci\u00f3n de correo electr\u00f3nico y n\u00famero de tel\u00e9fono. Nos referimos a esta informaci\u00f3n como \u201cInformaci\u00f3n del pedido\u201d.<br \/><br \/>[[INSERTE CUALQUIER OTRA INFORMACI\u00d3N QUE RECOPILE: DATOS FUERA DE L\u00cdNEA, DATOS\/LISTAS DE MARKETING ADQUIRIDOS]]<br \/><br \/>Cuando hablamos de \u201cInformaci\u00f3n personal\u201d en esta Pol\u00edtica de privacidad, nos referimos tanto a la Informaci\u00f3n del dispositivo como a la Informaci\u00f3n del pedido.<br \/>\u00bfC\u00d3MO UTILIZAMOS SU INFORMACI\u00d3N PERSONAL?<br \/><br \/>Utilizamos la informaci\u00f3n de los pedidos que recopilamos generalmente para cumplir con cualquier pedido realizado a trav\u00e9s del Sitio (incluido el procesamiento de su informaci\u00f3n de pago, la organizaci\u00f3n del env\u00edo y el env\u00edo de facturas y\/o confirmaciones de pedidos). Adem\u00e1s, utilizamos esta informaci\u00f3n de los pedidos para:<br \/>- Comunicarnos con usted;<br \/>- Analizar nuestros pedidos en busca de posibles riesgos o fraudes; y<br \/>- Cuando est\u00e9 en consonancia con las preferencias que nos haya comunicado, proporcionarle informaci\u00f3n o publicidad relacionada con nuestros productos o servicios.<br \/>- `INSERTAR OTROS USOS DE LA INFORMACI\u00d3N DEL PEDIDO`<br \/><br \/>Utilizamos la informaci\u00f3n del dispositivo que recopilamos para ayudarnos a detectar posibles riesgos y fraudes (en particular, su direcci\u00f3n IP) y, en general, para mejorar y optimizar nuestro sitio web (por ejemplo, generando an\u00e1lisis sobre c\u00f3mo nuestros clientes navegan e interact\u00faan con el sitio web, y para evaluar el \u00e9xito de nuestras campa\u00f1as de marketing y publicidad).<br \/><br \/>[[INSERTAR OTROS USOS DE LA INFORMACI\u00d3N DEL DISPOSITIVO, INCLUYENDO: PUBLICIDAD\/REORIENTACI\u00d3N]]<br \/><br \/>COMPARTIR SU INFORMACI\u00d3N PERSONAL<br \/><br \/>Compartimos su informaci\u00f3n personal con terceros para que nos ayuden a utilizarla, tal y como se ha descrito anteriormente. Tambi\u00e9n utilizamos Google Analytics para ayudarnos a comprender c\u00f3mo utilizan nuestros clientes el Sitio. Puede obtener m\u00e1s informaci\u00f3n sobre c\u00f3mo utiliza Google su informaci\u00f3n personal aqu\u00ed: https:\/\/www.google.com\/intl\/en\/policies\/privacy\/. Tambi\u00e9n puede excluirse de Google Analytics aqu\u00ed: https:\/\/tools.google.com\/dlpage\/gaoptout.<br \/><br \/>Por \u00faltimo, tambi\u00e9n podemos compartir su informaci\u00f3n personal para cumplir con las leyes y normativas aplicables, para responder a una citaci\u00f3n, orden de registro u otra solicitud legal de informaci\u00f3n que recibamos, o para proteger nuestros derechos de cualquier otra forma.<br \/><br \/>PUBLICIDAD BASADA EN EL COMPORTAMIENTO<br \/><br \/>Como se ha descrito anteriormente, utilizamos su informaci\u00f3n personal para proporcionarle anuncios publicitarios o comunicaciones de marketing espec\u00edficos que creemos que pueden ser de su inter\u00e9s. Para obtener m\u00e1s informaci\u00f3n sobre c\u00f3mo funciona la publicidad dirigida, puede visitar la p\u00e1gina educativa de la Network Advertising Initiative (\u201cNAI\u201d) en http:\/\/www.networkadvertising.org\/understanding-online-advertising\/how-does-it-work.<br \/>Puede optar por no recibir publicidad personalizada utilizando los siguientes enlaces:<br \/>- Facebook: https:\/\/www.facebook.com\/settings\/?tab=ads<br \/>- Google: https:\/\/www.google.com\/settings\/ads\/anonymous<br \/>- Bing: https:\/\/advertise.bingads.microsoft.com\/en-us\/resources\/policies\/personalized-ads<br \/>- `INCLUIR ENLACES DE EXCLUSI\u00d3N VOLUNTARIA DE CUALQUIER SERVICIO QUE SE UTILICE`<br \/><br \/>Adem\u00e1s, puede optar por no participar en algunos de estos servicios visitando el portal de exclusi\u00f3n voluntaria de la Alianza de Publicidad Digital en: http:\/\/optout.aboutads.info\/.<br \/><br \/>NO RASTREAR<br \/><br \/>Tenga en cuenta que no modificamos las pr\u00e1cticas de recopilaci\u00f3n y uso de datos de nuestro Sitio cuando vemos una se\u00f1al de \u00abNo rastrear\u00bb en su navegador.<br \/><br \/>TUS DERECHOS<br \/><br \/>Si usted es residente europeo, tiene derecho a acceder a la informaci\u00f3n personal que tenemos sobre usted y a solicitar que se corrija, actualice o elimine. Si desea ejercer este derecho, p\u00f3ngase en contacto con nosotros a trav\u00e9s de la informaci\u00f3n de contacto que figura a continuaci\u00f3n.<br \/><br \/>Adem\u00e1s, si usted es residente europeo, le informamos de que tratamos sus datos con el fin de cumplir los contratos que podamos tener con usted (por ejemplo, si realiza un pedido a trav\u00e9s del Sitio) o para perseguir nuestros intereses comerciales leg\u00edtimos mencionados anteriormente. Adem\u00e1s, tenga en cuenta que sus datos se transferir\u00e1n fuera de Europa, incluyendo Canad\u00e1 y Estados Unidos.<br \/><br \/>RETENCI\u00d3N DE DATOS<br \/><br \/>Cuando realice un pedido a trav\u00e9s del Sitio, conservaremos la informaci\u00f3n de su pedido para nuestros registros, a menos que y hasta que nos solicite que eliminemos dicha informaci\u00f3n.<br \/><br \/>CAMBIOS<br \/><br \/>Podemos actualizar esta pol\u00edtica de privacidad peri\u00f3dicamente para reflejar, por ejemplo, cambios en nuestras pr\u00e1cticas o por otras razones operativas, legales o normativas.<br \/><br \/>{Inicio de edad}<br \/>MENORES DE EDAD<br \/><br \/>El Sitio no est\u00e1 destinado a personas menores de {Edad}. .<br \/>{Fin de edad}<br \/>CONT\u00c1CTENOS<br \/><br \/>Para obtener m\u00e1s informaci\u00f3n sobre nuestras pr\u00e1cticas de privacidad, si tiene alguna pregunta o si desea presentar una queja, p\u00f3ngase en contacto con nosotros por correo electr\u00f3nico en {Email} o por correo postal utilizando los datos que se indican a continuaci\u00f3n:<br \/>{Nombre del sitio}<br \/>[Asunto: Responsable de cumplimiento de la normativa de privacidad]<br \/>{Direcci\u00f3n}<\/p>\n\t\t\t\t\t<\/div>\n\t\t\t\t\t\t<\/div>\n\t\t\t\t<\/div>\n\t\t\t\t\t<\/div>\n\t\t\t\t<\/div>\n\t\t\t\t<\/div>","protected":false},"excerpt":{"rendered":"<p>This Privacy Policy describes how your personal information is collected, used, and shared when you visit or make a purchase<\/p>","protected":false},"author":1,"featured_media":0,"parent":0,"menu_order":0,"comment_status":"closed","ping_status":"closed","template":"","meta":{"footnotes":""},"class_list":["post-29591","page","type-page","status-publish","hentry"],"_links":{"self":[{"href":"https:\/\/heritagecurio.com\/es\/wp-json\/wp\/v2\/pages\/29591","targetHints":{"allow":["GET"]}}],"collection":[{"href":"https:\/\/heritagecurio.com\/es\/wp-json\/wp\/v2\/pages"}],"about":[{"href":"https:\/\/heritagecurio.com\/es\/wp-json\/wp\/v2\/types\/page"}],"author":[{"embeddable":true,"href":"https:\/\/heritagecurio.com\/es\/wp-json\/wp\/v2\/users\/1"}],"replies":[{"embeddable":true,"href":"https:\/\/heritagecurio.com\/es\/wp-json\/wp\/v2\/comments?post=29591"}],"version-history":[{"count":5,"href":"https:\/\/heritagecurio.com\/es\/wp-json\/wp\/v2\/pages\/29591\/revisions"}],"predecessor-version":[{"id":29609,"href":"https:\/\/heritagecurio.com\/es\/wp-json\/wp\/v2\/pages\/29591\/revisions\/29609"}],"wp:attachment":[{"href":"https:\/\/heritagecurio.com\/es\/wp-json\/wp\/v2\/media?parent=29591"}],"curies":[{"name":"wp","href":"https:\/\/api.w.org\/{rel}","templated":true}]}}