{"id":29591,"date":"2025-12-04T15:07:56","date_gmt":"2025-12-04T15:07:56","guid":{"rendered":"https:\/\/heritagecurio.com\/?page_id=29591"},"modified":"2025-12-04T15:20:28","modified_gmt":"2025-12-04T15:20:28","slug":"privacy-policy","status":"publish","type":"page","link":"https:\/\/heritagecurio.com\/fr\/privacy-policy\/","title":{"rendered":"Politique de confidentialit\u00e9"},"content":{"rendered":"<div data-elementor-type=\"wp-page\" data-elementor-id=\"29591\" class=\"elementor elementor-29591\" data-elementor-post-type=\"page\">\n\t\t\t\t<div class=\"wd-negative-gap elementor-element elementor-element-6f00823 e-flex e-con-boxed e-con e-parent\" data-id=\"6f00823\" data-element_type=\"container\" data-e-type=\"container\">\n\t\t\t\t\t<div class=\"e-con-inner\">\n\t\t\t\t<div class=\"elementor-element elementor-element-5b34926 elementor-widget elementor-widget-wd_text_block\" data-id=\"5b34926\" data-element_type=\"widget\" data-e-type=\"widget\" data-widget_type=\"wd_text_block.default\">\n\t\t\t\t<div class=\"elementor-widget-container\">\n\t\t\t\t\t\t\t<div class=\"wd-text-block reset-last-child text-left\">\n\t\t\t\n\t\t\t<p>La pr\u00e9sente politique de confidentialit\u00e9 d\u00e9crit comment vos informations personnelles sont collect\u00e9es, utilis\u00e9es et partag\u00e9es lorsque vous visitez ou effectuez un achat sur {Domaine} (le \u201c Site \u201d).<br \/><br \/>INFORMATIONS PERSONNELLES QUE NOUS RECUEILLONS<br \/><br \/>Lorsque vous visitez le Site, nous recueillons automatiquement certaines informations sur votre appareil, notamment des informations sur votre navigateur Web, votre adresse IP, votre fuseau horaire et certains des cookies install\u00e9s sur votre appareil. De plus, lorsque vous naviguez sur le Site, nous recueillons des informations sur les pages Web ou les produits que vous consultez, les sites Web ou les termes de recherche qui vous ont renvoy\u00e9 vers le Site, ainsi que des informations sur la mani\u00e8re dont vous interagissez avec le Site. Nous appelons ces informations recueillies automatiquement \u201c Informations sur l'appareil \u201d.<br \/><br \/>Nous collectons des informations sur les appareils \u00e0 l'aide des technologies suivantes :<br \/>- Les \u201c cookies \u201d sont des fichiers de donn\u00e9es qui sont plac\u00e9s sur votre appareil ou votre ordinateur et qui contiennent souvent un identifiant unique anonyme. Pour plus d'informations sur les cookies et sur la mani\u00e8re de les d\u00e9sactiver, consultez le site http:\/\/www.allaboutcookies.org.<br \/>- Les \u201c fichiers journaux \u201d enregistrent les actions effectu\u00e9es sur le Site et collectent des donn\u00e9es telles que votre adresse IP, le type de navigateur utilis\u00e9, le fournisseur d'acc\u00e8s Internet, les pages de renvoi\/sortie et les horodatages.<br \/>- Les \u201c balises Web \u201d, \u201c tags \u201d et \u201c pixels \u201d sont des fichiers \u00e9lectroniques utilis\u00e9s pour enregistrer des informations sur la mani\u00e8re dont vous naviguez sur le Site.<br \/>- `INS\u00c9RER LES DESCRIPTIONS DES AUTRES TYPES DE TECHNOLOGIES DE SUIVI UTILIS\u00c9ES`<br \/><br \/>De plus, lorsque vous effectuez un achat ou tentez d'effectuer un achat via le Site, nous recueillons certaines informations vous concernant, notamment votre nom, votre adresse de facturation, votre adresse de livraison, vos informations de paiement (y compris les num\u00e9ros de carte de cr\u00e9dit `INS\u00c9RER TOUT AUTRE TYPE DE PAIEMENT ACCEPT\u00c9`), votre adresse e-mail et votre num\u00e9ro de t\u00e9l\u00e9phone. Nous appelons ces informations \u201c Informations de commande \u201d.<br \/><br \/>[[INS\u00c9RER TOUTE AUTRE INFORMATION QUE VOUS RECUEILLEZ : DONN\u00c9ES HORS LIGNE, DONN\u00c9ES\/LISTES MARKETING ACHET\u00c9ES]]<br \/><br \/>Lorsque nous parlons d\u201c\u201d informations personnelles \u00bb dans la pr\u00e9sente politique de confidentialit\u00e9, nous faisons r\u00e9f\u00e9rence \u00e0 la fois aux informations relatives \u00e0 l'appareil et aux informations relatives \u00e0 la commande.<br \/>COMMENT UTILISONS-NOUS VOS INFORMATIONS PERSONNELLES ?<br \/><br \/>Nous utilisons les informations relatives aux commandes que nous recueillons g\u00e9n\u00e9ralement pour traiter toutes les commandes pass\u00e9es sur le site (y compris le traitement de vos informations de paiement, l'organisation de l'exp\u00e9dition et la fourniture de factures et\/ou de confirmations de commande). En outre, nous utilisons ces informations relatives aux commandes pour :<br \/>- Communiquer avec vous ;<br \/>- Examiner nos commandes afin de d\u00e9tecter tout risque potentiel ou toute fraude ; et<br \/>- Lorsque cela correspond aux pr\u00e9f\u00e9rences que vous nous avez communiqu\u00e9es, vous fournir des informations ou des publicit\u00e9s relatives \u00e0 nos produits ou services.<br \/>- `INS\u00c9RER D'AUTRES UTILISATIONS DES INFORMATIONS DE COMMANDE`<br \/><br \/>Nous utilisons les informations relatives aux appareils que nous collectons pour nous aider \u00e0 d\u00e9tecter les risques potentiels et les fraudes (en particulier votre adresse IP) et, plus g\u00e9n\u00e9ralement, pour am\u00e9liorer et optimiser notre site (par exemple, en g\u00e9n\u00e9rant des analyses sur la mani\u00e8re dont nos clients naviguent et interagissent avec le site, et pour \u00e9valuer le succ\u00e8s de nos campagnes marketing et publicitaires).<br \/><br \/>[[INS\u00c9RER D'AUTRES UTILISATIONS DES INFORMATIONS RELATIVES \u00c0 L'APPAREIL, NOTAMMENT : PUBLICIT\u00c9\/RECIBLAGE]]<br \/><br \/>PARTAGE DE VOS INFORMATIONS PERSONNELLES<br \/><br \/>Nous partageons vos informations personnelles avec des tiers afin de nous aider \u00e0 utiliser vos informations personnelles, comme d\u00e9crit ci-dessus. Nous utilisons \u00e9galement Google Analytics pour nous aider \u00e0 comprendre comment nos clients utilisent le Site. Vous pouvez en savoir plus sur la mani\u00e8re dont Google utilise vos informations personnelles ici : https:\/\/www.google.com\/intl\/en\/policies\/privacy\/. Vous pouvez \u00e9galement d\u00e9sactiver Google Analytics ici : https:\/\/tools.google.com\/dlpage\/gaoptout.<br \/><br \/>Enfin, nous pouvons \u00e9galement partager vos informations personnelles afin de nous conformer aux lois et r\u00e9glementations applicables, pour r\u00e9pondre \u00e0 une citation \u00e0 compara\u00eetre, \u00e0 un mandat de perquisition ou \u00e0 toute autre demande l\u00e9gale d'informations que nous recevons, ou pour prot\u00e9ger nos droits de toute autre mani\u00e8re.<br \/><br \/>PUBLICIT\u00c9 COMPORTEMENTALE<br \/><br \/>Comme d\u00e9crit ci-dessus, nous utilisons vos informations personnelles pour vous fournir des publicit\u00e9s cibl\u00e9es ou des communications marketing qui, selon nous, pourraient vous int\u00e9resser. Pour plus d'informations sur le fonctionnement de la publicit\u00e9 cibl\u00e9e, vous pouvez consulter la page \u00e9ducative de la Network Advertising Initiative (\u201c NAI \u201d) \u00e0 l'adresse http:\/\/www.networkadvertising.org\/understanding-online-advertising\/how-does-it-work.<br \/>Vous pouvez d\u00e9sactiver la publicit\u00e9 cibl\u00e9e en utilisant les liens ci-dessous :<br \/>- Facebook : https:\/\/www.facebook.com\/settings\/?tab=ads<br \/>- Google : https:\/\/www.google.com\/settings\/ads\/anonymous<br \/>- Bing : https:\/\/advertise.bingads.microsoft.com\/en-us\/resources\/policies\/personalized-ads<br \/>- `INCLURE DES LIENS DE D\u00c9SABONNEMENT POUR TOUS LES SERVICES UTILIS\u00c9S`<br \/><br \/>De plus, vous pouvez d\u00e9sactiver certains de ces services en vous rendant sur le portail de d\u00e9sactivation de la Digital Advertising Alliance \u00e0 l'adresse suivante : http:\/\/optout.aboutads.info\/.<br \/><br \/>NE PAS SUIVRE<br \/><br \/>Veuillez noter que nous ne modifions pas les pratiques de collecte et d'utilisation des donn\u00e9es de notre site lorsque nous d\u00e9tectons un signal \u00ab Do Not Track \u00bb provenant de votre navigateur.<br \/><br \/>VOS DROITS<br \/><br \/>Si vous r\u00e9sidez en Europe, vous avez le droit d'acc\u00e9der aux informations personnelles que nous d\u00e9tenons \u00e0 votre sujet et de demander que celles-ci soient corrig\u00e9es, mises \u00e0 jour ou supprim\u00e9es. Si vous souhaitez exercer ce droit, veuillez nous contacter aux coordonn\u00e9es indiqu\u00e9es ci-dessous.<br \/><br \/>De plus, si vous r\u00e9sidez en Europe, nous vous informons que nous traitons vos informations afin d'ex\u00e9cuter les contrats que nous pourrions avoir conclus avec vous (par exemple, si vous passez une commande sur le Site) ou afin de poursuivre nos int\u00e9r\u00eats commerciaux l\u00e9gitimes \u00e9num\u00e9r\u00e9s ci-dessus. Veuillez \u00e9galement noter que vos informations seront transf\u00e9r\u00e9es hors d'Europe, notamment au Canada et aux \u00c9tats-Unis.<br \/><br \/>CONSERVATION DES DONN\u00c9ES<br \/><br \/>Lorsque vous passez une commande via le Site, nous conservons vos Informations de commande dans nos dossiers, sauf si et jusqu'\u00e0 ce que vous nous demandiez de supprimer ces informations.<br \/><br \/>CHANGEMENTS<br \/><br \/>Nous pouvons mettre \u00e0 jour cette politique de confidentialit\u00e9 de temps \u00e0 autre afin de refl\u00e9ter, par exemple, des changements dans nos pratiques ou pour d'autres raisons op\u00e9rationnelles, l\u00e9gales ou r\u00e9glementaires.<br \/><br \/>{D\u00e9but de l'\u00e2ge}<br \/>MINEURS<br \/><br \/>Le Site n'est pas destin\u00e9 aux personnes \u00e2g\u00e9es de moins de {Age} ans. .<br \/>{Fin d'\u00e2ge}<br \/>CONTACTEZ-NOUS<br \/><br \/>Pour plus d'informations sur nos pratiques en mati\u00e8re de confidentialit\u00e9, si vous avez des questions ou si vous souhaitez d\u00e9poser une plainte, veuillez nous contacter par e-mail \u00e0 {Email} ou par courrier postal \u00e0 l'adresse indiqu\u00e9e ci-dessous :<br \/>{Nom du site}<br \/>[Objet : Responsable de la conformit\u00e9 en mati\u00e8re de confidentialit\u00e9]<br \/>{Adresse}<\/p>\n\t\t\t\t\t<\/div>\n\t\t\t\t\t\t<\/div>\n\t\t\t\t<\/div>\n\t\t\t\t\t<\/div>\n\t\t\t\t<\/div>\n\t\t\t\t<\/div>","protected":false},"excerpt":{"rendered":"<p>This Privacy Policy describes how your personal information is collected, used, and shared when you visit or make a purchase<\/p>","protected":false},"author":1,"featured_media":0,"parent":0,"menu_order":0,"comment_status":"closed","ping_status":"closed","template":"","meta":{"footnotes":""},"class_list":["post-29591","page","type-page","status-publish","hentry"],"_links":{"self":[{"href":"https:\/\/heritagecurio.com\/fr\/wp-json\/wp\/v2\/pages\/29591","targetHints":{"allow":["GET"]}}],"collection":[{"href":"https:\/\/heritagecurio.com\/fr\/wp-json\/wp\/v2\/pages"}],"about":[{"href":"https:\/\/heritagecurio.com\/fr\/wp-json\/wp\/v2\/types\/page"}],"author":[{"embeddable":true,"href":"https:\/\/heritagecurio.com\/fr\/wp-json\/wp\/v2\/users\/1"}],"replies":[{"embeddable":true,"href":"https:\/\/heritagecurio.com\/fr\/wp-json\/wp\/v2\/comments?post=29591"}],"version-history":[{"count":5,"href":"https:\/\/heritagecurio.com\/fr\/wp-json\/wp\/v2\/pages\/29591\/revisions"}],"predecessor-version":[{"id":29609,"href":"https:\/\/heritagecurio.com\/fr\/wp-json\/wp\/v2\/pages\/29591\/revisions\/29609"}],"wp:attachment":[{"href":"https:\/\/heritagecurio.com\/fr\/wp-json\/wp\/v2\/media?parent=29591"}],"curies":[{"name":"wp","href":"https:\/\/api.w.org\/{rel}","templated":true}]}}